{"id":1979,"date":"2026-01-19T11:10:29","date_gmt":"2026-01-19T14:10:29","guid":{"rendered":"https:\/\/se7enbeatlab.com\/es\/?page_id=1979"},"modified":"2026-03-16T23:52:47","modified_gmt":"2026-03-16T22:52:47","slug":"inside-the-lab","status":"publish","type":"page","link":"https:\/\/se7enbeatlab.com\/es\/inside-the-lab\/","title":{"rendered":"En el estudio"},"content":{"rendered":"\t\t<div data-elementor-type=\"wp-page\" data-elementor-id=\"1979\" class=\"elementor elementor-1979\" data-elementor-post-type=\"page\">\n\t\t\t\t<div data-particle_enable=\"false\" data-particle-mobile-disabled=\"false\" class=\"elementor-element elementor-element-3515b97 e-flex e-con-boxed e-con e-parent\" data-id=\"3515b97\" data-element_type=\"container\" data-e-type=\"container\" data-settings=\"{&quot;background_background&quot;:&quot;classic&quot;}\">\n\t\t\t\t\t<div class=\"e-con-inner\">\n\t\t\t\t<div class=\"elementor-element elementor-element-72d9416 elementor-grid-3 elementor-grid-tablet-2 elementor-grid-mobile-1 elementor-widget elementor-widget-loop-grid\" data-id=\"72d9416\" data-element_type=\"widget\" data-e-type=\"widget\" data-settings=\"{&quot;template_id&quot;:2000,&quot;_skin&quot;:&quot;post&quot;,&quot;columns&quot;:&quot;3&quot;,&quot;columns_tablet&quot;:&quot;2&quot;,&quot;columns_mobile&quot;:&quot;1&quot;,&quot;edit_handle_selector&quot;:&quot;[data-elementor-type=\\&quot;loop-item\\&quot;]&quot;,&quot;row_gap&quot;:{&quot;unit&quot;:&quot;px&quot;,&quot;size&quot;:&quot;&quot;,&quot;sizes&quot;:[]},&quot;row_gap_tablet&quot;:{&quot;unit&quot;:&quot;px&quot;,&quot;size&quot;:&quot;&quot;,&quot;sizes&quot;:[]},&quot;row_gap_mobile&quot;:{&quot;unit&quot;:&quot;px&quot;,&quot;size&quot;:&quot;&quot;,&quot;sizes&quot;:[]}}\" data-widget_type=\"loop-grid.post\">\n\t\t\t\t<div class=\"elementor-widget-container\">\n\t\t\t\t\t\t\t<div class=\"elementor-loop-container elementor-grid\" role=\"list\">\n\t\t<style id=\"loop-2000\">.elementor-2000 .elementor-element.elementor-element-bf3e0be{--display:flex;}.elementor-2000 .elementor-element.elementor-element-3af1856{--display:flex;}.elementor-2000 .elementor-element.elementor-element-82154db .elementor-wrapper{--video-aspect-ratio:1.77777;}<\/style>\t\t<div data-elementor-type=\"loop-item\" data-elementor-id=\"2000\" class=\"elementor elementor-2000 e-loop-item e-loop-item-2155 post-2155 track_stories type-track_stories status-publish hentry\" data-elementor-post-type=\"elementor_library\" data-custom-edit-handle=\"1\">\n\t\t\t<div data-particle_enable=\"false\" data-particle-mobile-disabled=\"false\" class=\"elementor-element elementor-element-bf3e0be e-flex e-con-boxed e-con e-parent\" data-id=\"bf3e0be\" data-element_type=\"container\" data-e-type=\"container\">\n\t\t\t\t\t<div class=\"e-con-inner\">\n\t\t\t\t<div class=\"elementor-element elementor-element-7bfbcef elementor-widget elementor-widget-theme-post-title elementor-page-title elementor-widget-heading\" data-id=\"7bfbcef\" data-element_type=\"widget\" data-e-type=\"widget\" data-widget_type=\"theme-post-title.default\">\n\t\t\t\t\t<h1 class=\"elementor-heading-title elementor-size-default\">Joaquin Will Be Back<\/h1>\t\t\t\t<\/div>\n\t\t\t\t\t<\/div>\n\t\t\t\t<\/div>\n\t\t<div data-particle_enable=\"false\" data-particle-mobile-disabled=\"false\" class=\"elementor-element elementor-element-3af1856 e-flex e-con-boxed e-con e-parent\" data-id=\"3af1856\" data-element_type=\"container\" data-e-type=\"container\">\n\t\t\t\t\t<div class=\"e-con-inner\">\n\t\t\t\t<div class=\"elementor-element elementor-element-82154db elementor-widget elementor-widget-video\" data-id=\"82154db\" data-element_type=\"widget\" data-e-type=\"widget\" data-settings=\"{&quot;youtube_url&quot;:&quot;https:\\\/\\\/www.youtube.com\\\/watch?v=KLsA_R6oM8k&quot;,&quot;video_type&quot;:&quot;youtube&quot;,&quot;controls&quot;:&quot;yes&quot;}\" data-widget_type=\"video.default\">\n\t\t\t\t\t\t\t<div class=\"elementor-wrapper elementor-open-inline\">\n\t\t\t<div class=\"elementor-video\"><\/div>\t\t<\/div>\n\t\t\t\t\t\t<\/div>\n\t\t\t\t<div class=\"elementor-element elementor-element-d220469 elementor-widget elementor-widget-text-editor\" data-id=\"d220469\" data-element_type=\"widget\" data-e-type=\"widget\" data-widget_type=\"text-editor.default\">\n\t\t\t\t\t\t\t\t\tUn beat nocturno, la guitarra de Carlos y un clima nost\u00e1lgico que termin\u00f3 d\u00e1ndole centro emocional al track.\t\t\t\t\t\t\t\t<\/div>\n\t\t\t\t\t<\/div>\n\t\t\t\t<\/div>\n\t\t\t\t<\/div>\n\t\t\t\t<div data-elementor-type=\"loop-item\" data-elementor-id=\"2000\" class=\"elementor elementor-2000 e-loop-item e-loop-item-2011 post-2011 track_stories type-track_stories status-publish hentry\" data-elementor-post-type=\"elementor_library\" data-custom-edit-handle=\"1\">\n\t\t\t<div data-particle_enable=\"false\" data-particle-mobile-disabled=\"false\" class=\"elementor-element elementor-element-bf3e0be e-flex e-con-boxed e-con e-parent\" data-id=\"bf3e0be\" data-element_type=\"container\" data-e-type=\"container\">\n\t\t\t\t\t<div class=\"e-con-inner\">\n\t\t\t\t<div class=\"elementor-element elementor-element-7bfbcef elementor-widget elementor-widget-theme-post-title elementor-page-title elementor-widget-heading\" data-id=\"7bfbcef\" data-element_type=\"widget\" data-e-type=\"widget\" data-widget_type=\"theme-post-title.default\">\n\t\t\t\t\t<h1 class=\"elementor-heading-title elementor-size-default\">La Canci\u00f3n de Rainbow Friends 2<\/h1>\t\t\t\t<\/div>\n\t\t\t\t\t<\/div>\n\t\t\t\t<\/div>\n\t\t<div data-particle_enable=\"false\" data-particle-mobile-disabled=\"false\" class=\"elementor-element elementor-element-3af1856 e-flex e-con-boxed e-con e-parent\" data-id=\"3af1856\" data-element_type=\"container\" data-e-type=\"container\">\n\t\t\t\t\t<div class=\"e-con-inner\">\n\t\t\t\t<div class=\"elementor-element elementor-element-82154db elementor-widget elementor-widget-video\" data-id=\"82154db\" data-element_type=\"widget\" data-e-type=\"widget\" data-settings=\"{&quot;youtube_url&quot;:&quot;https:\\\/\\\/www.youtube.com\\\/watch?v=GDx7BN7THjo&quot;,&quot;video_type&quot;:&quot;youtube&quot;,&quot;controls&quot;:&quot;yes&quot;}\" data-widget_type=\"video.default\">\n\t\t\t\t\t\t\t<div class=\"elementor-wrapper elementor-open-inline\">\n\t\t\t<div class=\"elementor-video\"><\/div>\t\t<\/div>\n\t\t\t\t\t\t<\/div>\n\t\t\t\t<div class=\"elementor-element elementor-element-d220469 elementor-widget elementor-widget-text-editor\" data-id=\"d220469\" data-element_type=\"widget\" data-e-type=\"widget\" data-widget_type=\"text-editor.default\">\n\t\t\t\t\t\t\t\t\tEste track es una collab entre se7en beatlab, Lynamusic (Lynita) y Chocoblox. El video principal en YouTube super\u00f3 los 11 millones de vistas y se volvi\u00f3 viral.\t\t\t\t\t\t\t\t<\/div>\n\t\t\t\t\t<\/div>\n\t\t\t\t<\/div>\n\t\t\t\t<\/div>\n\t\t\t\t<div data-elementor-type=\"loop-item\" data-elementor-id=\"2000\" class=\"elementor elementor-2000 e-loop-item e-loop-item-2009 post-2009 track_stories type-track_stories status-publish hentry\" data-elementor-post-type=\"elementor_library\" data-custom-edit-handle=\"1\">\n\t\t\t<div data-particle_enable=\"false\" data-particle-mobile-disabled=\"false\" class=\"elementor-element elementor-element-bf3e0be e-flex e-con-boxed e-con e-parent\" data-id=\"bf3e0be\" data-element_type=\"container\" data-e-type=\"container\">\n\t\t\t\t\t<div class=\"e-con-inner\">\n\t\t\t\t<div class=\"elementor-element elementor-element-7bfbcef elementor-widget elementor-widget-theme-post-title elementor-page-title elementor-widget-heading\" data-id=\"7bfbcef\" data-element_type=\"widget\" data-e-type=\"widget\" data-widget_type=\"theme-post-title.default\">\n\t\t\t\t\t<h1 class=\"elementor-heading-title elementor-size-default\">Cray\u00f3n<\/h1>\t\t\t\t<\/div>\n\t\t\t\t\t<\/div>\n\t\t\t\t<\/div>\n\t\t<div data-particle_enable=\"false\" data-particle-mobile-disabled=\"false\" class=\"elementor-element elementor-element-3af1856 e-flex e-con-boxed e-con e-parent\" data-id=\"3af1856\" data-element_type=\"container\" data-e-type=\"container\">\n\t\t\t\t\t<div class=\"e-con-inner\">\n\t\t\t\t<div class=\"elementor-element elementor-element-82154db elementor-widget elementor-widget-video\" data-id=\"82154db\" data-element_type=\"widget\" data-e-type=\"widget\" data-settings=\"{&quot;youtube_url&quot;:&quot;https:\\\/\\\/www.youtube.com\\\/watch?v=e-DGXXfP82M&quot;,&quot;video_type&quot;:&quot;youtube&quot;,&quot;controls&quot;:&quot;yes&quot;}\" data-widget_type=\"video.default\">\n\t\t\t\t\t\t\t<div class=\"elementor-wrapper elementor-open-inline\">\n\t\t\t<div class=\"elementor-video\"><\/div>\t\t<\/div>\n\t\t\t\t\t\t<\/div>\n\t\t\t\t<div class=\"elementor-element elementor-element-d220469 elementor-widget elementor-widget-text-editor\" data-id=\"d220469\" data-element_type=\"widget\" data-e-type=\"widget\" data-widget_type=\"text-editor.default\">\n\t\t\t\t\t\t\t\t\tEsta canci\u00f3n no fue hecha con fines comerciales. La compuse para mi hijo ausente.\t\t\t\t\t\t\t\t<\/div>\n\t\t\t\t\t<\/div>\n\t\t\t\t<\/div>\n\t\t\t\t<\/div>\n\t\t\t\t<div data-elementor-type=\"loop-item\" data-elementor-id=\"2000\" class=\"elementor elementor-2000 e-loop-item e-loop-item-1998 post-1998 track_stories type-track_stories status-publish hentry\" data-elementor-post-type=\"elementor_library\" data-custom-edit-handle=\"1\">\n\t\t\t<div data-particle_enable=\"false\" data-particle-mobile-disabled=\"false\" class=\"elementor-element elementor-element-bf3e0be e-flex e-con-boxed e-con e-parent\" data-id=\"bf3e0be\" data-element_type=\"container\" data-e-type=\"container\">\n\t\t\t\t\t<div class=\"e-con-inner\">\n\t\t\t\t<div class=\"elementor-element elementor-element-7bfbcef elementor-widget elementor-widget-theme-post-title elementor-page-title elementor-widget-heading\" data-id=\"7bfbcef\" data-element_type=\"widget\" data-e-type=\"widget\" data-widget_type=\"theme-post-title.default\">\n\t\t\t\t\t<h1 class=\"elementor-heading-title elementor-size-default\">Estaci\u00f3n Silvestre, Los Dementes<\/h1>\t\t\t\t<\/div>\n\t\t\t\t\t<\/div>\n\t\t\t\t<\/div>\n\t\t<div data-particle_enable=\"false\" data-particle-mobile-disabled=\"false\" class=\"elementor-element elementor-element-3af1856 e-flex e-con-boxed e-con e-parent\" data-id=\"3af1856\" data-element_type=\"container\" data-e-type=\"container\">\n\t\t\t\t\t<div class=\"e-con-inner\">\n\t\t\t\t<div class=\"elementor-element elementor-element-82154db elementor-widget elementor-widget-video\" data-id=\"82154db\" data-element_type=\"widget\" data-e-type=\"widget\" data-settings=\"{&quot;youtube_url&quot;:&quot;https:\\\/\\\/www.youtube.com\\\/watch?v=IdxHpT-ALRg&quot;,&quot;video_type&quot;:&quot;youtube&quot;,&quot;controls&quot;:&quot;yes&quot;}\" data-widget_type=\"video.default\">\n\t\t\t\t\t\t\t<div class=\"elementor-wrapper elementor-open-inline\">\n\t\t\t<div class=\"elementor-video\"><\/div>\t\t<\/div>\n\t\t\t\t\t\t<\/div>\n\t\t\t\t<div class=\"elementor-element elementor-element-d220469 elementor-widget elementor-widget-text-editor\" data-id=\"d220469\" data-element_type=\"widget\" data-e-type=\"widget\" data-widget_type=\"text-editor.default\">\n\t\t\t\t\t\t\t\t\tUn track producido en 2026, pensado para sostener energ\u00eda, identidad y una direcci\u00f3n sonora m\u00e1s precisa.\t\t\t\t\t\t\t\t<\/div>\n\t\t\t\t\t<\/div>\n\t\t\t\t<\/div>\n\t\t\t\t<\/div>\n\t\t\t\t<div data-elementor-type=\"loop-item\" data-elementor-id=\"2000\" class=\"elementor elementor-2000 e-loop-item e-loop-item-2124 post-2124 track_stories type-track_stories status-publish hentry\" data-elementor-post-type=\"elementor_library\" data-custom-edit-handle=\"1\">\n\t\t\t<div data-particle_enable=\"false\" data-particle-mobile-disabled=\"false\" class=\"elementor-element elementor-element-bf3e0be e-flex e-con-boxed e-con e-parent\" data-id=\"bf3e0be\" data-element_type=\"container\" data-e-type=\"container\">\n\t\t\t\t\t<div class=\"e-con-inner\">\n\t\t\t\t<div class=\"elementor-element elementor-element-7bfbcef elementor-widget elementor-widget-theme-post-title elementor-page-title elementor-widget-heading\" data-id=\"7bfbcef\" data-element_type=\"widget\" data-e-type=\"widget\" data-widget_type=\"theme-post-title.default\">\n\t\t\t\t\t<h1 class=\"elementor-heading-title elementor-size-default\">VICU\u00d1A<\/h1>\t\t\t\t<\/div>\n\t\t\t\t\t<\/div>\n\t\t\t\t<\/div>\n\t\t<div data-particle_enable=\"false\" data-particle-mobile-disabled=\"false\" class=\"elementor-element elementor-element-3af1856 e-flex e-con-boxed e-con e-parent\" data-id=\"3af1856\" data-element_type=\"container\" data-e-type=\"container\">\n\t\t\t\t\t<div class=\"e-con-inner\">\n\t\t\t\t<div class=\"elementor-element elementor-element-82154db elementor-widget elementor-widget-video\" data-id=\"82154db\" data-element_type=\"widget\" data-e-type=\"widget\" data-settings=\"{&quot;youtube_url&quot;:&quot;https:\\\/\\\/www.youtube.com\\\/watch?v=OKadfzEjYBQ&quot;,&quot;video_type&quot;:&quot;youtube&quot;,&quot;controls&quot;:&quot;yes&quot;}\" data-widget_type=\"video.default\">\n\t\t\t\t\t\t\t<div class=\"elementor-wrapper elementor-open-inline\">\n\t\t\t<div class=\"elementor-video\"><\/div>\t\t<\/div>\n\t\t\t\t\t\t<\/div>\n\t\t\t\t<div class=\"elementor-element elementor-element-d220469 elementor-widget elementor-widget-text-editor\" data-id=\"d220469\" data-element_type=\"widget\" data-e-type=\"widget\" data-widget_type=\"text-editor.default\">\n\t\t\t\t\t\t\t\t\tVICU\u00d1A naci\u00f3 como banda sonora y termin\u00f3 en el spot oficial de Jujuy Film Commission. Esta es la historia del track, pensada desde mi lugar de productor y compositor.\t\t\t\t\t\t\t\t<\/div>\n\t\t\t\t\t<\/div>\n\t\t\t\t<\/div>\n\t\t\t\t<\/div>\n\t\t\t\t<\/div>\n\t\t\n\t\t\t\t\t\t<\/div>\n\t\t\t\t<\/div>\n\t\t\t\t<div class=\"elementor-element elementor-element-c7aa01d elementor-widget elementor-widget-html\" data-id=\"c7aa01d\" data-element_type=\"widget\" data-e-type=\"widget\" data-widget_type=\"html.default\">\n\t\t\t\t\t<div class=\"s7-lab-enhancer\" aria-hidden=\"true\"><\/div>\n<style>\n.page-id-1979 .e-loop-item.track_stories{\n    cursor:pointer;\n    border-radius:24px;\n    padding:18px;\n    background:#f4eee8;\n    box-shadow:0 14px 36px rgba(0,0,0,.08);\n    transition:transform .22s ease, box-shadow .22s ease;\n}\n.page-id-1979 .e-loop-item.track_stories:hover{\n    transform:translateY(-4px);\n    box-shadow:0 20px 42px rgba(0,0,0,.12);\n}\n.page-id-1979 .e-loop-item.track_stories .elementor-widget-video,\n.page-id-1979 .e-loop-item.track_stories .elementor-wrapper,\n.page-id-1979 .e-loop-item.track_stories .elementor-video{\n    width:100%;\n}\n.page-id-1979 .e-loop-item.track_stories .elementor-wrapper{\n    overflow:hidden;\n    border-radius:18px;\n    background:#111;\n}\n.page-id-1979 .s7-track-story-thumb{\n    position:relative;\n    display:block;\n    aspect-ratio:16\/9;\n    overflow:hidden;\n    border-radius:18px;\n    background:#111;\n}\n.page-id-1979 .s7-track-story-thumb img{\n    width:100%;\n    height:100%;\n    object-fit:cover;\n    display:block;\n    transition:transform .3s ease, opacity .3s ease;\n}\n.page-id-1979 .s7-track-story-thumb:hover img{\n    transform:scale(1.04);\n    opacity:.92;\n}\n.page-id-1979 .s7-track-story-thumb::after{\n    content:\"\";\n    position:absolute;\n    inset:0;\n    background:linear-gradient(180deg, rgba(0,0,0,.08), rgba(0,0,0,.28));\n}\n.page-id-1979 .s7-track-story-play{\n    position:absolute;\n    right:16px;\n    bottom:16px;\n    z-index:2;\n    display:inline-flex;\n    align-items:center;\n    justify-content:center;\n    min-width:44px;\n    height:44px;\n    padding:0 14px;\n    border-radius:999px;\n    background:rgba(244,238,232,.92);\n    color:#111;\n    font:600 12px\/1 \"Proza Libre\", sans-serif;\n    letter-spacing:.06em;\n    text-transform:uppercase;\n}\n.page-id-1979 .e-loop-item.track_stories .elementor-widget-theme-post-title .elementor-heading-title{\n    margin-top:16px;\n}\n.page-id-1979 .s7-track-story-link{\n    color:inherit;\n    text-decoration:none;\n}\n.page-id-1979 .s7-track-story-link:hover{\n    text-decoration:none;\n}\n<\/style>\n<script>\n(function(){\n  var urlMap = {\"2124\":\"https:\\\/\\\/se7enbeatlab.com\\\/es\\\/blog\\\/track_stories\\\/vicuna\\\/\",\"2011\":\"https:\\\/\\\/se7enbeatlab.com\\\/es\\\/blog\\\/track_stories\\\/la-cancion-de-rainbow-friends-2\\\/\",\"2009\":\"https:\\\/\\\/se7enbeatlab.com\\\/es\\\/blog\\\/track_stories\\\/crayon\\\/\",\"1998\":\"https:\\\/\\\/se7enbeatlab.com\\\/es\\\/blog\\\/track_stories\\\/estacion-silvestre-los-dementes\\\/\"};\n\n  function ytId(url){\n    if(!url){ return ''; }\n    var match = String(url).match(\/[?&]v=([^&#]+)\/);\n    if(match && match[1]){ return match[1]; }\n    match = String(url).match(\/youtu\\.be\\\/([^?&#]+)\/);\n    return match && match[1] ? match[1] : '';\n  }\n\n  function enhance(){\n    var items = document.querySelectorAll('.page-id-1979 .e-loop-item.track_stories');\n    if(!items.length){ return; }\n\n    items.forEach(function(item){\n      if(item.dataset.s7LabReady === '1'){ return; }\n      item.dataset.s7LabReady = '1';\n\n      var idMatch = item.className.match(\/post-(\\d+)\/);\n      var postId = idMatch ? idMatch[1] : '';\n      var permalink = postId && urlMap[postId] ? urlMap[postId] : '';\n      var titleEl = item.querySelector('.elementor-widget-theme-post-title .elementor-heading-title');\n      var videoWidget = item.querySelector('.elementor-widget-video');\n      var target = videoWidget ? (videoWidget.querySelector('.elementor-video') || videoWidget) : null;\n      var settings = {};\n\n      if(videoWidget){\n        try {\n          settings = JSON.parse(videoWidget.getAttribute('data-settings') || '{}');\n        } catch (e) {\n          settings = {};\n        }\n      }\n\n      var videoUrl = settings.youtube_url || '';\n      var videoId = ytId(videoUrl);\n      var clickUrl = permalink || videoUrl || '';\n\n      if(target && videoId){\n        var thumbUrl = 'https:\/\/img.youtube.com\/vi\/' + videoId + '\/hqdefault.jpg';\n        target.innerHTML = '<a class=\"s7-track-story-thumb\" href=\"' + clickUrl + '\"' + (permalink ? '' : ' target=\"_blank\" rel=\"noopener\"') + '><img decoding=\"async\" src=\"' + thumbUrl + '\" alt=\"\"><span class=\"s7-track-story-play\">Ver<\/span><\/a>';\n      }\n\n      if(titleEl && clickUrl && !titleEl.querySelector('a')){\n        var text = titleEl.textContent.trim();\n        titleEl.innerHTML = '<a class=\"s7-track-story-link\" href=\"' + clickUrl + '\"' + (permalink ? '' : ' target=\"_blank\" rel=\"noopener\"') + '>' + text + '<\/a>';\n      }\n\n      if(clickUrl){\n        item.addEventListener('click', function(e){\n          if(e.target.closest('a, button, input, textarea, select, label')){ return; }\n          window.location.href = clickUrl;\n        });\n      }\n    });\n  }\n\n  document.addEventListener('DOMContentLoaded', enhance);\n  window.addEventListener('pageshow', enhance);\n  document.addEventListener('s7pjax:navigated', enhance);\n  setTimeout(enhance, 250);\n  setTimeout(enhance, 1000);\n})();\n<\/script>\t\t\t\t<\/div>\n\t\t\t\t\t<\/div>\n\t\t\t\t<\/div>\n\t\t\t\t<\/div>\n\t\t","protected":false},"excerpt":{"rendered":"","protected":false},"author":1,"featured_media":0,"parent":0,"menu_order":0,"comment_status":"closed","ping_status":"closed","template":"","meta":{"_acf_changed":false,"footnotes":""},"class_list":["post-1979","page","type-page","status-publish","hentry"],"acf":[],"_links":{"self":[{"href":"https:\/\/se7enbeatlab.com\/es\/wp-json\/wp\/v2\/pages\/1979","targetHints":{"allow":["GET"]}}],"collection":[{"href":"https:\/\/se7enbeatlab.com\/es\/wp-json\/wp\/v2\/pages"}],"about":[{"href":"https:\/\/se7enbeatlab.com\/es\/wp-json\/wp\/v2\/types\/page"}],"author":[{"embeddable":true,"href":"https:\/\/se7enbeatlab.com\/es\/wp-json\/wp\/v2\/users\/1"}],"replies":[{"embeddable":true,"href":"https:\/\/se7enbeatlab.com\/es\/wp-json\/wp\/v2\/comments?post=1979"}],"version-history":[{"count":6,"href":"https:\/\/se7enbeatlab.com\/es\/wp-json\/wp\/v2\/pages\/1979\/revisions"}],"predecessor-version":[{"id":2114,"href":"https:\/\/se7enbeatlab.com\/es\/wp-json\/wp\/v2\/pages\/1979\/revisions\/2114"}],"wp:attachment":[{"href":"https:\/\/se7enbeatlab.com\/es\/wp-json\/wp\/v2\/media?parent=1979"}],"curies":[{"name":"wp","href":"https:\/\/api.w.org\/{rel}","templated":true}]}}