{"id":1962,"date":"2026-01-16T15:06:04","date_gmt":"2026-01-16T18:06:04","guid":{"rendered":"https:\/\/se7enbeatlab.com\/es\/?page_id=1962"},"modified":"2026-03-13T16:56:40","modified_gmt":"2026-03-13T16:56:40","slug":"politica-de-cookies","status":"publish","type":"page","link":"https:\/\/se7enbeatlab.com\/es\/politica-de-cookies\/","title":{"rendered":"Pol\u00edtica de Cookies"},"content":{"rendered":"\n<p>\u00daltima actualizaci\u00f3n: Enero 2026<\/p>\n\n\n\n<ol class=\"wp-block-list\">\n<li>\u00bfQU\u00c9 SON LAS COOKIES?<\/li>\n<\/ol>\n\n\n\n<p>Las cookies son peque\u00f1os archivos de texto que los sitios web almacenan en tu dispositivo cuando los visitas. Se utilizan ampliamente para hacer que los sitios web funcionen de manera m\u00e1s eficiente y proporcionen informaci\u00f3n a los propietarios del sitio.<\/p>\n\n\n\n<ol start=\"2\" class=\"wp-block-list\">\n<li>TIPOS DE COOKIES QUE UTILIZAMOS<\/li>\n<\/ol>\n\n\n\n<p>Cookies T\u00e9cnicas<br>Son esenciales para el funcionamiento del sitio web. Permiten la navegaci\u00f3n y el uso de diferentes opciones o servicios que existen en ella.<\/p>\n\n\n\n<p>Cookies de An\u00e1lisis<br>Nos permiten analizar el uso del sitio web para medir y mejorar el rendimiento. Utilizamos Google Analytics para este prop\u00f3sito.<\/p>\n\n\n\n<p>Cookies de Publicidad<br>Este sitio utiliza Google AdSense, que utiliza cookies para mostrar anuncios relevantes basados en tus visitas anteriores a este sitio web u otros sitios.<\/p>\n\n\n\n<ol start=\"3\" class=\"wp-block-list\">\n<li>COOKIES DE TERCEROS<\/li>\n<\/ol>\n\n\n\n<p>Google AdSense<br>Google utiliza cookies para servir anuncios en nuestro sitio web. Google utiliza estas cookies para mostrar anuncios basados en las visitas previas del usuario a este sitio web u otros sitios web.<\/p>\n\n\n\n<p>Los usuarios pueden inhabilitar el uso de la cookie de DoubleClick visitando la p\u00e1gina de inhabilitaci\u00f3n de publicidad de Google.<\/p>\n\n\n\n<p>Google Analytics<br>Utilizamos Google Analytics para analizar el uso de nuestro sitio web. Google Analytics recopila informaci\u00f3n an\u00f3nima sobre c\u00f3mo los visitantes utilizan el sitio.<\/p>\n\n\n\n<ol start=\"4\" class=\"wp-block-list\">\n<li>C\u00d3MO GESTIONAR LAS COOKIES<\/li>\n<\/ol>\n\n\n\n<p>Puedes controlar y\/o eliminar las cookies como desees. Puedes eliminar todas las cookies que ya est\u00e1n en tu dispositivo y puedes configurar la mayor\u00eda de los navegadores para evitar que se coloquen.<\/p>\n\n\n\n<p>Para gestionar las cookies en los navegadores m\u00e1s populares:<\/p>\n\n\n\n<ul class=\"wp-block-list\">\n<li>Chrome: Configuraci\u00f3n > Privacidad y seguridad > Cookies y otros datos de sitios<\/li>\n\n\n\n<li>Firefox: Opciones > Privacidad y seguridad > Cookies y datos del sitio<\/li>\n\n\n\n<li>Safari: Preferencias > Privacidad > Cookies y datos de sitios web<\/li>\n\n\n\n<li>Edge: Configuraci\u00f3n > Cookies y permisos del sitio > Cookies y datos del sitio<\/li>\n<\/ul>\n\n\n\n<ol class=\"wp-block-list\">\n<li>CONSENTIMIENTO<\/li>\n<\/ol>\n\n\n\n<p>Al utilizar nuestro sitio web, aceptas el uso de cookies de acuerdo con esta pol\u00edtica. Si no aceptas el uso de estas cookies, desact\u00edvalas siguiendo las instrucciones de tu navegador.<\/p>\n\n\n\n<ol start=\"6\" class=\"wp-block-list\">\n<li>M\u00c1S INFORMACI\u00d3N<\/li>\n<\/ol>\n\n\n\n<p>Para obtener m\u00e1s informaci\u00f3n sobre c\u00f3mo Google utiliza las cookies, visita:<\/p>\n\n\n\n<ul class=\"wp-block-list\">\n<li>Pol\u00edtica de Privacidad de Google: https:\/\/policies.google.com\/privacy<\/li>\n\n\n\n<li>Tipos de cookies que utiliza Google: https:\/\/policies.google.com\/technologies\/types<\/li>\n<\/ul>\n\n\n\n<ol class=\"wp-block-list\">\n<li>ACTUALIZACIONES<\/li>\n<\/ol>\n\n\n\n<p>Podemos actualizar esta pol\u00edtica de cookies ocasionalmente. Te recomendamos revisar esta p\u00e1gina peri\u00f3dicamente para estar informado sobre c\u00f3mo usamos las cookies.<\/p>\n\n\n\n<ol start=\"8\" class=\"wp-block-list\">\n<li>CONTACTO<\/li>\n<\/ol>\n\n\n\n<p>Si tienes preguntas sobre nuestra pol\u00edtica de cookies, cont\u00e1ctanos a trav\u00e9s de nuestro formulario de contacto.<\/p>\n","protected":false},"excerpt":{"rendered":"<p>\u00daltima actualizaci\u00f3n: Enero 2026 Las cookies son peque\u00f1os archivos de texto que los sitios web almacenan en tu dispositivo cuando los visitas. Se utilizan ampliamente para hacer que los sitios web funcionen de manera m\u00e1s eficiente y proporcionen informaci\u00f3n a los propietarios del sitio. Cookies T\u00e9cnicasSon esenciales para el funcionamiento del sitio web. Permiten la [&hellip;]<\/p>\n","protected":false},"author":1,"featured_media":0,"parent":0,"menu_order":0,"comment_status":"closed","ping_status":"closed","template":"","meta":{"_acf_changed":false,"footnotes":""},"class_list":["post-1962","page","type-page","status-publish","hentry"],"acf":[],"_links":{"self":[{"href":"https:\/\/se7enbeatlab.com\/es\/wp-json\/wp\/v2\/pages\/1962","targetHints":{"allow":["GET"]}}],"collection":[{"href":"https:\/\/se7enbeatlab.com\/es\/wp-json\/wp\/v2\/pages"}],"about":[{"href":"https:\/\/se7enbeatlab.com\/es\/wp-json\/wp\/v2\/types\/page"}],"author":[{"embeddable":true,"href":"https:\/\/se7enbeatlab.com\/es\/wp-json\/wp\/v2\/users\/1"}],"replies":[{"embeddable":true,"href":"https:\/\/se7enbeatlab.com\/es\/wp-json\/wp\/v2\/comments?post=1962"}],"version-history":[{"count":1,"href":"https:\/\/se7enbeatlab.com\/es\/wp-json\/wp\/v2\/pages\/1962\/revisions"}],"predecessor-version":[{"id":1963,"href":"https:\/\/se7enbeatlab.com\/es\/wp-json\/wp\/v2\/pages\/1962\/revisions\/1963"}],"wp:attachment":[{"href":"https:\/\/se7enbeatlab.com\/es\/wp-json\/wp\/v2\/media?parent=1962"}],"curies":[{"name":"wp","href":"https:\/\/api.w.org\/{rel}","templated":true}]}}