{"id":1960,"date":"2026-01-16T15:04:47","date_gmt":"2026-01-16T18:04:47","guid":{"rendered":"https:\/\/se7enbeatlab.com\/es\/?page_id=1960"},"modified":"2026-03-13T16:56:42","modified_gmt":"2026-03-13T16:56:42","slug":"aviso-legal","status":"publish","type":"page","link":"https:\/\/se7enbeatlab.com\/es\/aviso-legal\/","title":{"rendered":"Aviso Legal"},"content":{"rendered":"\n<p>\u00daltima actualizaci\u00f3n: Enero 2026<\/p>\n\n\n\n<ol class=\"wp-block-list\">\n<li>DATOS IDENTIFICATIVOS<\/li>\n<\/ol>\n\n\n\n<p>En cumplimiento de la legislaci\u00f3n vigente, se informa de los siguientes datos:<\/p>\n\n\n\n<p>Titular: se7en beatlab<br>Sitio web: se7enbeatlab.com<br>Actividad: Producci\u00f3n musical, informaci\u00f3n sobre industria musical y plataformas digitales<\/p>\n\n\n\n<ol start=\"2\" class=\"wp-block-list\">\n<li>OBJETO<\/li>\n<\/ol>\n\n\n\n<p>El presente aviso legal regula el uso del sitio web se7en beatlab. La navegaci\u00f3n por el sitio web atribuye la condici\u00f3n de usuario del mismo e implica la aceptaci\u00f3n plena de todas las condiciones incluidas en este Aviso Legal.<\/p>\n\n\n\n<ol start=\"3\" class=\"wp-block-list\">\n<li>USO DEL PORTAL<\/li>\n<\/ol>\n\n\n\n<p>El sitio web proporciona el acceso a informaci\u00f3n sobre producci\u00f3n musical, industria musical y servicios relacionados.<\/p>\n\n\n\n<p>El Usuario se compromete a hacer un uso adecuado de los contenidos y servicios que se ofrecen y a no emplearlos para:<\/p>\n\n\n\n<ul class=\"wp-block-list\">\n<li>Difundir contenidos delictivos, violentos, ofensivos, racistas, xenof\u00f3bicos, que hagan apolog\u00eda del terrorismo o atenten contra los derechos humanos<\/li>\n\n\n\n<li>Provocar da\u00f1os en los sistemas f\u00edsicos y l\u00f3gicos del sitio web<\/li>\n\n\n\n<li>Introducir o difundir virus inform\u00e1ticos o cualesquiera otros sistemas que sean susceptibles de provocar da\u00f1os<\/li>\n\n\n\n<li>Intentar acceder y utilizar las cuentas de otros usuarios<\/li>\n\n\n\n<li>Vulnerar los derechos de propiedad intelectual o industrial<\/li>\n<\/ul>\n\n\n\n<ol class=\"wp-block-list\">\n<li>PROPIEDAD INTELECTUAL E INDUSTRIAL<\/li>\n<\/ol>\n\n\n\n<p>Todos los contenidos del sitio web, incluyendo sin car\u00e1cter limitativo, textos, fotograf\u00edas, gr\u00e1ficos, im\u00e1genes, iconos, tecnolog\u00eda, software, links y dem\u00e1s contenidos audiovisuales o sonoros, as\u00ed como su dise\u00f1o gr\u00e1fico y c\u00f3digos fuente, son propiedad intelectual de se7en beatlab, sin que puedan entenderse cedidos al usuario ninguno de los derechos de explotaci\u00f3n sobre los mismos.<\/p>\n\n\n\n<ol start=\"5\" class=\"wp-block-list\">\n<li>EXCLUSI\u00d3N DE GARANT\u00cdAS Y RESPONSABILIDAD<\/li>\n<\/ol>\n\n\n\n<p>se7en beatlab no se hace responsable de:<\/p>\n\n\n\n<ul class=\"wp-block-list\">\n<li>La continuidad de los contenidos del sitio web<\/li>\n\n\n\n<li>La ausencia de errores en dichos contenidos<\/li>\n\n\n\n<li>La ausencia de virus y\/o dem\u00e1s componentes da\u00f1inos<\/li>\n\n\n\n<li>Los da\u00f1os o perjuicios que cause el uso del sitio web<\/li>\n\n\n\n<li>El uso que usuarios o terceros puedan hacer de los contenidos<\/li>\n<\/ul>\n\n\n\n<ol class=\"wp-block-list\">\n<li>ENLACES EXTERNOS<\/li>\n<\/ol>\n\n\n\n<p>Las p\u00e1ginas del sitio web pueden incluir enlaces a p\u00e1ginas externas. se7en beatlab no asume responsabilidad alguna por el contenido de dichas p\u00e1ginas externas ni garantiza la disponibilidad t\u00e9cnica, calidad, fiabilidad o exactitud de las mismas.<\/p>\n\n\n\n<ol start=\"7\" class=\"wp-block-list\">\n<li>MODIFICACIONES<\/li>\n<\/ol>\n\n\n\n<p>se7en beatlab se reserva el derecho de efectuar sin previo aviso las modificaciones que considere oportunas en su sitio web, pudiendo cambiar, suprimir o a\u00f1adir tanto los contenidos y servicios como la forma en la que \u00e9stos aparezcan presentados o localizados.<\/p>\n\n\n\n<ol start=\"8\" class=\"wp-block-list\">\n<li>LEGISLACI\u00d3N APLICABLE<\/li>\n<\/ol>\n\n\n\n<p>La relaci\u00f3n entre se7en beatlab y el Usuario se regir\u00e1 por la normativa argentina vigente y cualquier controversia se someter\u00e1 a los Juzgados y tribunales de Jujuy, Argentina.<\/p>\n\n\n\n<ol start=\"9\" class=\"wp-block-list\">\n<li>CONTACTO<\/li>\n<\/ol>\n\n\n\n<p>Para cualquier consulta sobre este aviso legal, puede contactarnos a trav\u00e9s de nuestro formulario de contacto.<\/p>\n","protected":false},"excerpt":{"rendered":"<p>\u00daltima actualizaci\u00f3n: Enero 2026 En cumplimiento de la legislaci\u00f3n vigente, se informa de los siguientes datos: Titular: se7en beatlabSitio web: se7enbeatlab.comActividad: Producci\u00f3n musical, informaci\u00f3n sobre industria musical y plataformas digitales El presente aviso legal regula el uso del sitio web se7en beatlab. La navegaci\u00f3n por el sitio web atribuye la condici\u00f3n de usuario del mismo [&hellip;]<\/p>\n","protected":false},"author":1,"featured_media":0,"parent":0,"menu_order":0,"comment_status":"closed","ping_status":"closed","template":"","meta":{"_acf_changed":false,"footnotes":""},"class_list":["post-1960","page","type-page","status-publish","hentry"],"acf":[],"_links":{"self":[{"href":"https:\/\/se7enbeatlab.com\/es\/wp-json\/wp\/v2\/pages\/1960","targetHints":{"allow":["GET"]}}],"collection":[{"href":"https:\/\/se7enbeatlab.com\/es\/wp-json\/wp\/v2\/pages"}],"about":[{"href":"https:\/\/se7enbeatlab.com\/es\/wp-json\/wp\/v2\/types\/page"}],"author":[{"embeddable":true,"href":"https:\/\/se7enbeatlab.com\/es\/wp-json\/wp\/v2\/users\/1"}],"replies":[{"embeddable":true,"href":"https:\/\/se7enbeatlab.com\/es\/wp-json\/wp\/v2\/comments?post=1960"}],"version-history":[{"count":1,"href":"https:\/\/se7enbeatlab.com\/es\/wp-json\/wp\/v2\/pages\/1960\/revisions"}],"predecessor-version":[{"id":1961,"href":"https:\/\/se7enbeatlab.com\/es\/wp-json\/wp\/v2\/pages\/1960\/revisions\/1961"}],"wp:attachment":[{"href":"https:\/\/se7enbeatlab.com\/es\/wp-json\/wp\/v2\/media?parent=1960"}],"curies":[{"name":"wp","href":"https:\/\/api.w.org\/{rel}","templated":true}]}}