{"id":1958,"date":"2026-01-16T15:03:33","date_gmt":"2026-01-16T18:03:33","guid":{"rendered":"https:\/\/se7enbeatlab.com\/es\/?page_id=1958"},"modified":"2026-03-13T16:56:45","modified_gmt":"2026-03-13T16:56:45","slug":"terminos-y-condiciones","status":"publish","type":"page","link":"https:\/\/se7enbeatlab.com\/es\/terminos-y-condiciones\/","title":{"rendered":"T\u00e9rminos y Condiciones"},"content":{"rendered":"\n<p>\u00daltima actualizaci\u00f3n: Enero 2026<\/p>\n\n\n\n<p>Bienvenido a se7en beatlab. Al acceder y utilizar este sitio web, aceptas cumplir con los siguientes t\u00e9rminos y condiciones.<\/p>\n\n\n\n<ol class=\"wp-block-list\">\n<li>ACEPTACI\u00d3N DE LOS T\u00c9RMINOS<\/li>\n<\/ol>\n\n\n\n<p>Al acceder a este sitio web, aceptas estar sujeto a estos t\u00e9rminos y condiciones, todas las leyes y regulaciones aplicables, y aceptas que eres responsable del cumplimiento de las leyes locales aplicables.<\/p>\n\n\n\n<ol start=\"2\" class=\"wp-block-list\">\n<li>USO DEL SITIO<\/li>\n<\/ol>\n\n\n\n<p>Est\u00e1s autorizado a:<\/p>\n\n\n\n<ul class=\"wp-block-list\">\n<li>Navegar por el contenido del sitio<\/li>\n\n\n\n<li>Descargar materiales para uso personal y no comercial<\/li>\n\n\n\n<li>Compartir contenido con atribuci\u00f3n adecuada<\/li>\n<\/ul>\n\n\n\n<p>No est\u00e1s autorizado a:<\/p>\n\n\n\n<ul class=\"wp-block-list\">\n<li>Modificar o copiar los materiales sin permiso<\/li>\n\n\n\n<li>Usar los materiales con fines comerciales sin autorizaci\u00f3n<\/li>\n\n\n\n<li>Intentar descompilar o realizar ingenier\u00eda inversa del software del sitio<\/li>\n\n\n\n<li>Eliminar derechos de autor u otras notaciones de propiedad<\/li>\n<\/ul>\n\n\n\n<ol class=\"wp-block-list\">\n<li>PROPIEDAD INTELECTUAL<\/li>\n<\/ol>\n\n\n\n<p>Todo el contenido de este sitio, incluyendo texto, gr\u00e1ficos, logotipos, \u00edconos, im\u00e1genes, clips de audio, descargas digitales y software, es propiedad de se7en beatlab o sus proveedores de contenido y est\u00e1 protegido por las leyes de derechos de autor.<\/p>\n\n\n\n<ol start=\"4\" class=\"wp-block-list\">\n<li>CONTENIDO DE USUARIO<\/li>\n<\/ol>\n\n\n\n<p>Al publicar comentarios o contenido en este sitio:<\/p>\n\n\n\n<ul class=\"wp-block-list\">\n<li>Garantizas que tienes derecho a publicar dicho contenido<\/li>\n\n\n\n<li>Otorgas a se7en beatlab una licencia no exclusiva para usar, reproducir y mostrar ese contenido<\/li>\n\n\n\n<li>El contenido no debe ser ofensivo, difamatorio o ilegal<\/li>\n<\/ul>\n\n\n\n<ol class=\"wp-block-list\">\n<li>ENLACES A TERCEROS<\/li>\n<\/ol>\n\n\n\n<p>Este sitio puede contener enlaces a sitios web de terceros. No tenemos control sobre el contenido de esos sitios y no asumimos responsabilidad por ellos.<\/p>\n\n\n\n<ol start=\"6\" class=\"wp-block-list\">\n<li>PUBLICIDAD<\/li>\n<\/ol>\n\n\n\n<p>Este sitio utiliza Google AdSense para mostrar publicidad. Los anunciantes pueden usar cookies para recopilar informaci\u00f3n sobre tus visitas a este y otros sitios web.<\/p>\n\n\n\n<ol start=\"7\" class=\"wp-block-list\">\n<li>LIMITACI\u00d3N DE RESPONSABILIDAD<\/li>\n<\/ol>\n\n\n\n<p>En ning\u00fan caso se7en beatlab ser\u00e1 responsable por da\u00f1os derivados del uso o la imposibilidad de usar los materiales de este sitio, incluso si se ha notificado la posibilidad de tales da\u00f1os.<\/p>\n\n\n\n<ol start=\"8\" class=\"wp-block-list\">\n<li>PRECISI\u00d3N DE LOS MATERIALES<\/li>\n<\/ol>\n\n\n\n<p>Los materiales en este sitio pueden incluir errores t\u00e9cnicos, tipogr\u00e1ficos o fotogr\u00e1ficos. No garantizamos que los materiales sean precisos, completos o actuales.<\/p>\n\n\n\n<ol start=\"9\" class=\"wp-block-list\">\n<li>MODIFICACIONES<\/li>\n<\/ol>\n\n\n\n<p>Podemos revisar estos t\u00e9rminos en cualquier momento sin previo aviso. Al usar este sitio web, aceptas estar sujeto a la versi\u00f3n actual de estos t\u00e9rminos.<\/p>\n\n\n\n<ol start=\"10\" class=\"wp-block-list\">\n<li>LEY APLICABLE<\/li>\n<\/ol>\n\n\n\n<p>Estos t\u00e9rminos se rigen por las leyes de Argentina. Cualquier disputa relacionada con estos t\u00e9rminos estar\u00e1 sujeta a la jurisdicci\u00f3n exclusiva de los tribunales de Jujuy, Argentina.<\/p>\n\n\n\n<ol start=\"11\" class=\"wp-block-list\">\n<li>CONTACTO<\/li>\n<\/ol>\n\n\n\n<p>Para preguntas sobre estos t\u00e9rminos y condiciones, cont\u00e1ctanos a trav\u00e9s de nuestro formulario de contacto.<\/p>\n","protected":false},"excerpt":{"rendered":"<p>\u00daltima actualizaci\u00f3n: Enero 2026 Bienvenido a se7en beatlab. Al acceder y utilizar este sitio web, aceptas cumplir con los siguientes t\u00e9rminos y condiciones. Al acceder a este sitio web, aceptas estar sujeto a estos t\u00e9rminos y condiciones, todas las leyes y regulaciones aplicables, y aceptas que eres responsable del cumplimiento de las leyes locales aplicables. [&hellip;]<\/p>\n","protected":false},"author":1,"featured_media":0,"parent":0,"menu_order":0,"comment_status":"closed","ping_status":"closed","template":"","meta":{"_acf_changed":false,"footnotes":""},"class_list":["post-1958","page","type-page","status-publish","hentry"],"acf":[],"_links":{"self":[{"href":"https:\/\/se7enbeatlab.com\/es\/wp-json\/wp\/v2\/pages\/1958","targetHints":{"allow":["GET"]}}],"collection":[{"href":"https:\/\/se7enbeatlab.com\/es\/wp-json\/wp\/v2\/pages"}],"about":[{"href":"https:\/\/se7enbeatlab.com\/es\/wp-json\/wp\/v2\/types\/page"}],"author":[{"embeddable":true,"href":"https:\/\/se7enbeatlab.com\/es\/wp-json\/wp\/v2\/users\/1"}],"replies":[{"embeddable":true,"href":"https:\/\/se7enbeatlab.com\/es\/wp-json\/wp\/v2\/comments?post=1958"}],"version-history":[{"count":1,"href":"https:\/\/se7enbeatlab.com\/es\/wp-json\/wp\/v2\/pages\/1958\/revisions"}],"predecessor-version":[{"id":1959,"href":"https:\/\/se7enbeatlab.com\/es\/wp-json\/wp\/v2\/pages\/1958\/revisions\/1959"}],"wp:attachment":[{"href":"https:\/\/se7enbeatlab.com\/es\/wp-json\/wp\/v2\/media?parent=1958"}],"curies":[{"name":"wp","href":"https:\/\/api.w.org\/{rel}","templated":true}]}}