{"id":1129,"date":"2024-06-23T19:10:50","date_gmt":"2024-06-23T22:10:50","guid":{"rendered":"https:\/\/se7enbeatlab.com\/es\/?page_id=1129"},"modified":"2026-03-13T16:57:04","modified_gmt":"2026-03-13T16:57:04","slug":"music-production-techniques-blog","status":"publish","type":"page","link":"https:\/\/se7enbeatlab.com\/es\/music-production-techniques-blog\/","title":{"rendered":"Blog"},"content":{"rendered":"\t\t<div data-elementor-type=\"wp-page\" data-elementor-id=\"1129\" class=\"elementor elementor-1129\" data-elementor-post-type=\"page\">\n\t\t\t\t\t\t<section data-particle_enable=\"true\" class=\"eael-section-particles-dcdfd2f elementor-section elementor-top-section elementor-element elementor-element-dcdfd2f elementor-section-height-min-height elementor-section-boxed elementor-section-height-default elementor-section-items-middle\" data-eael_ptheme_source=\"presets\" data-preset_theme=\"default\" data-custom_style=\"\" data-particle_opacity=\"0.5\" data-particle_speed=\"3\" data-particle-mobile-disabled=\"false\" data-id=\"dcdfd2f\" data-element_type=\"section\" data-e-type=\"section\" data-settings=\"{&quot;background_background&quot;:&quot;classic&quot;,&quot;shape_divider_bottom&quot;:&quot;pyramids&quot;,&quot;shape_divider_bottom_negative&quot;:&quot;yes&quot;}\">\n\t\t\t\t\t\t\t<div class=\"elementor-background-overlay\"><\/div>\n\t\t\t\t\t\t<div class=\"elementor-shape elementor-shape-bottom\" aria-hidden=\"true\" data-negative=\"true\">\n\t\t\t<svg xmlns=\"http:\/\/www.w3.org\/2000\/svg\" viewBox=\"0 0 1000 100\" preserveAspectRatio=\"none\">\n\t<path class=\"elementor-shape-fill\" d=\"M761.9,40.6L643.1,24L333.9,93.8L0.1,1H0v99h1000V1\"\/>\n<\/svg>\t\t<\/div>\n\t\t\t\t\t<div class=\"elementor-container elementor-column-gap-default\">\n\t\t\t\t\t<div class=\"elementor-column elementor-col-100 elementor-top-column elementor-element elementor-element-b65183b\" data-id=\"b65183b\" data-element_type=\"column\" data-e-type=\"column\">\n\t\t\t<div class=\"elementor-widget-wrap elementor-element-populated\">\n\t\t\t\t\t\t<div class=\"elementor-element elementor-element-fa67e52 elementor-widget elementor-widget-heading\" data-id=\"fa67e52\" data-element_type=\"widget\" data-e-type=\"widget\" data-widget_type=\"heading.default\">\n\t\t\t\t\t<h1 class=\"elementor-heading-title elementor-size-default\">Produccion musical, regalias y herramientas de audio<\/h1>\t\t\t\t<\/div>\n\t\t\t\t<div class=\"elementor-element elementor-element-ff5d634 elementor-widget elementor-widget-text-editor\" data-id=\"ff5d634\" data-element_type=\"widget\" data-e-type=\"widget\" data-widget_type=\"text-editor.default\">\n\t\t\t\t\t\t\t\t\t<p><span style=\"font-weight: 400;\">Bienvenidos al Blog de se7en beatlab, donde comparto mi visi\u00f3n sobre la producci\u00f3n musical, tendencias de la industria, y herramientas que realmente hacen la diferencia. Este es un espacio donde las conversaciones fluyen de manera natural, sin adornos innecesarios. Aqu\u00ed encontrar\u00e1s desde an\u00e1lisis de los \u00faltimos movimientos en el mundo del lo-fi, hasta recomendaciones pr\u00e1cticas sobre plugins que uso en mi d\u00eda a d\u00eda.<\/span><\/p><p><span style=\"font-weight: 400;\">No es solo un blog; es un reflejo de mi pasi\u00f3n y mi compromiso con la m\u00fasica. Espero que encuentres algo que te inspire o que simplemente te acompa\u00f1e en tu proceso creativo.<\/span><\/p>\t\t\t\t\t\t\t\t<\/div>\n\t\t\t\t\t<\/div>\n\t\t<\/div>\n\t\t\t\t\t<\/div>\n\t\t<\/section>\n\t\t            <style>\n                .elementor-element-dcdfd2f.eael-particles-section > canvas {\n                    z-index: -1;\n                    position: absolute;\n                    top:0;\n                }\n            <\/style>\n        <div data-particle_enable=\"false\" data-particle-mobile-disabled=\"false\" class=\"elementor-element elementor-element-f5182bd e-flex e-con-boxed e-con e-parent\" data-id=\"f5182bd\" data-element_type=\"container\" data-e-type=\"container\" data-settings=\"{&quot;background_background&quot;:&quot;gradient&quot;}\">\n\t\t\t\t\t<div class=\"e-con-inner\">\n\t\t\t\t<div class=\"elementor-element elementor-element-ba1e39b elementor-widget elementor-widget-heading\" data-id=\"ba1e39b\" data-element_type=\"widget\" data-e-type=\"widget\" data-widget_type=\"heading.default\">\n\t\t\t\t\t<h2 class=\"elementor-heading-title elementor-size-default\">ARTICULOS DESTACADOS<\/h2>\t\t\t\t<\/div>\n\t\t\t\t<div class=\"elementor-element elementor-element-660af22 elementor-grid-eael-col-4 elementor-grid-tablet-eael-col-2 elementor-grid-mobile-eael-col-1 elementor-widget elementor-widget-eael-post-grid\" data-id=\"660af22\" data-element_type=\"widget\" data-e-type=\"widget\" data-settings=\"{&quot;eael_post_grid_columns&quot;:&quot;eael-col-4&quot;,&quot;eael_post_grid_columns_tablet&quot;:&quot;eael-col-2&quot;,&quot;eael_post_grid_columns_mobile&quot;:&quot;eael-col-1&quot;}\" data-widget_type=\"eael-post-grid.default\">\n\t\t\t\t\t<div id=\"eael-post-grid-660af22\" class=\"eael-post-grid-container\">\n            <div class=\"eael-post-grid eael-post-appender eael-post-appender-660af22 eael-post-grid-style-three\" data-layout-mode=\"masonry\"><article class=\"eael-grid-post  eael-post-grid-column eael-pg-post-2169 category-negocio-musical-y-distribucion tags-coautores-internacionales-ipi-iswc-pro-regalias-internacionales-registro-de-composiciones-sgae-sociedades-de-gestion-split-sheet\" data-id=\"2169\">\n        <div class=\"eael-grid-post-holder\">\n            <div class=\"eael-grid-post-holder-inner\"><div class=\"eael-entry-media\"><div class=\"eael-entry-overlay fade-in\"><i class=\"fas fa-long-arrow-alt-right\" aria-hidden=\"true\"><\/i><a href=\"https:\/\/se7enbeatlab.com\/es\/blog\/2026\/04\/01\/registrar-composicion-musical-coautores-distintos-paises\/\"><\/a><\/div><div class=\"eael-entry-thumbnail \">\n                 <img fetchpriority=\"high\" decoding=\"async\" width=\"300\" height=\"200\" src=\"https:\/\/se7enbeatlab.com\/es\/wp-content\/uploads\/sites\/2\/2026\/04\/dalle-ef939cbf-f613-4755-9506-7abd5cf1785d-300x200.png\" class=\"attachment-medium size-medium wp-image-2170\" alt=\"Mesa de trabajo con split sheet, guitarra y elementos que representan el registro internacional de una composici\u00f3n musical con coautores de distintos pa\u00edses\" srcset=\"https:\/\/se7enbeatlab.com\/es\/wp-content\/uploads\/sites\/2\/2026\/04\/dalle-ef939cbf-f613-4755-9506-7abd5cf1785d-300x200.png 300w, https:\/\/se7enbeatlab.com\/es\/wp-content\/uploads\/sites\/2\/2026\/04\/dalle-ef939cbf-f613-4755-9506-7abd5cf1785d-1024x683.png 1024w, https:\/\/se7enbeatlab.com\/es\/wp-content\/uploads\/sites\/2\/2026\/04\/dalle-ef939cbf-f613-4755-9506-7abd5cf1785d-768x512.png 768w, https:\/\/se7enbeatlab.com\/es\/wp-content\/uploads\/sites\/2\/2026\/04\/dalle-ef939cbf-f613-4755-9506-7abd5cf1785d.png 1536w\" sizes=\"(max-width: 300px) 100vw, 300px\" \/>\n             <\/div>\n        <\/div><div class=\"eael-entry-wrapper\"><header class=\"eael-entry-header\"><h2 class=\"eael-entry-title\"><a class=\"eael-grid-post-link\" href=\"https:\/\/se7enbeatlab.com\/es\/blog\/2026\/04\/01\/registrar-composicion-musical-coautores-distintos-paises\/\" title=\"C\u00f3mo registrar una composici\u00f3n musical con coautores de distintos pa\u00edses: splits, IPI y regal\u00edas sin errores\">C\u00f3mo registrar una composici\u00f3n musical con coautores de distintos pa\u00edses: splits, IPI y regal\u00edas sin errores<\/a><\/h2><\/header><div class=\"eael-entry-meta\"><span class=\"eael-posted-by\"><a href=\"https:\/\/se7enbeatlab.com\/es\/blog\/author\/s7ops_admin_7a47f81a\/\" title=\"Entradas de se7en beatlab admin\" rel=\"author\">se7en beatlab admin<\/a><\/span><span class=\"eael-posted-on\"><time datetime=\"1 de abril de 2026\">1 de abril de 2026<\/time><\/span><\/div><div class=\"eael-entry-content\">\n                        <div class=\"eael-grid-post-excerpt\"><p>Gu\u00eda clara para registrar una composici\u00f3n musical con coautores de distintos pa\u00edses:...<\/p><a href=\"https:\/\/se7enbeatlab.com\/es\/blog\/2026\/04\/01\/registrar-composicion-musical-coautores-distintos-paises\/\" class=\"eael-post-elements-readmore-btn\">Read more<\/a><\/div>\n                    <\/div><\/div><\/div>\n        <\/div>\n    <\/article><article class=\"eael-grid-post  eael-post-grid-column eael-pg-post-2166 category-negocio-musical-y-distribucion tags-ascap-bmi-copyright-musical-ipi-isrc-iswc-jasrac-pro-prs-registro-de-propiedad-intelectual-safe-creative-sgae\" data-id=\"2166\">\n        <div class=\"eael-grid-post-holder\">\n            <div class=\"eael-grid-post-holder-inner\"><div class=\"eael-entry-media\"><div class=\"eael-entry-overlay fade-in\"><i class=\"fas fa-long-arrow-alt-right\" aria-hidden=\"true\"><\/i><a href=\"https:\/\/se7enbeatlab.com\/es\/blog\/2026\/03\/30\/como-registrar-y-proteger-tus-canciones-propiedad-intelectual-pro-ipi-iswc-isrc\/\"><\/a><\/div><div class=\"eael-entry-thumbnail \">\n                 <img decoding=\"async\" width=\"300\" height=\"200\" src=\"https:\/\/se7enbeatlab.com\/es\/wp-content\/uploads\/sites\/2\/2026\/03\/dalle-c856319a-4995-4baf-9a75-977a7870067f-300x200.png\" class=\"attachment-medium size-medium wp-image-2167\" alt=\"Ilustraci\u00f3n sobre registro de propiedad intelectual, PRO, IPI, ISWC, ISRC y protecci\u00f3n musical internacional\" srcset=\"https:\/\/se7enbeatlab.com\/es\/wp-content\/uploads\/sites\/2\/2026\/03\/dalle-c856319a-4995-4baf-9a75-977a7870067f-300x200.png 300w, https:\/\/se7enbeatlab.com\/es\/wp-content\/uploads\/sites\/2\/2026\/03\/dalle-c856319a-4995-4baf-9a75-977a7870067f-1024x683.png 1024w, https:\/\/se7enbeatlab.com\/es\/wp-content\/uploads\/sites\/2\/2026\/03\/dalle-c856319a-4995-4baf-9a75-977a7870067f-768x512.png 768w, https:\/\/se7enbeatlab.com\/es\/wp-content\/uploads\/sites\/2\/2026\/03\/dalle-c856319a-4995-4baf-9a75-977a7870067f.png 1536w\" sizes=\"(max-width: 300px) 100vw, 300px\" \/>\n             <\/div>\n        <\/div><div class=\"eael-entry-wrapper\"><header class=\"eael-entry-header\"><h2 class=\"eael-entry-title\"><a class=\"eael-grid-post-link\" href=\"https:\/\/se7enbeatlab.com\/es\/blog\/2026\/03\/30\/como-registrar-y-proteger-tus-canciones-propiedad-intelectual-pro-ipi-iswc-isrc\/\" title=\"C\u00f3mo registrar y proteger tus canciones sin confundirte: propiedad intelectual, PRO, IPI, ISWC, ISRC y Safe Creative\">C\u00f3mo registrar y proteger tus canciones sin confundirte: propiedad intelectual, PRO, IPI, ISWC, ISRC y Safe Creative<\/a><\/h2><\/header><div class=\"eael-entry-meta\"><span class=\"eael-posted-by\"><a href=\"https:\/\/se7enbeatlab.com\/es\/blog\/author\/s7ops_admin_7a47f81a\/\" title=\"Entradas de se7en beatlab admin\" rel=\"author\">se7en beatlab admin<\/a><\/span><span class=\"eael-posted-on\"><time datetime=\"30 de marzo de 2026\">30 de marzo de 2026<\/time><\/span><\/div><div class=\"eael-entry-content\">\n                        <div class=\"eael-grid-post-excerpt\"><p>Una gu\u00eda clara para registrar y proteger tus canciones de forma seria:...<\/p><a href=\"https:\/\/se7enbeatlab.com\/es\/blog\/2026\/03\/30\/como-registrar-y-proteger-tus-canciones-propiedad-intelectual-pro-ipi-iswc-isrc\/\" class=\"eael-post-elements-readmore-btn\">Read more<\/a><\/div>\n                    <\/div><\/div><\/div>\n        <\/div>\n    <\/article><article class=\"eael-grid-post  eael-post-grid-column eael-pg-post-2159 category-produccion-musical tags-apple-music-volumen-gain-staging-loudness-streaming-lufs-mastering-para-streaming-soundcloud-spotify-volumen-tidal-true-peak-youtube-loudness\" data-id=\"2159\">\n        <div class=\"eael-grid-post-holder\">\n            <div class=\"eael-grid-post-holder-inner\"><div class=\"eael-entry-media\"><div class=\"eael-entry-overlay fade-in\"><i class=\"fas fa-long-arrow-alt-right\" aria-hidden=\"true\"><\/i><a href=\"https:\/\/se7enbeatlab.com\/es\/blog\/2026\/03\/29\/por-que-tu-cancion-suena-mas-baja-en-streaming\/\"><\/a><\/div><div class=\"eael-entry-thumbnail \">\n                 <img decoding=\"async\" width=\"300\" height=\"200\" src=\"https:\/\/se7enbeatlab.com\/es\/wp-content\/uploads\/sites\/2\/2026\/03\/dalle-bc35732e-0eab-4ea1-bb67-cdb00d817fe9-300x200.png\" class=\"attachment-medium size-medium wp-image-2163\" alt=\"Estudio de mastering con productor comparando el impacto de una canci\u00f3n en streaming\" srcset=\"https:\/\/se7enbeatlab.com\/es\/wp-content\/uploads\/sites\/2\/2026\/03\/dalle-bc35732e-0eab-4ea1-bb67-cdb00d817fe9-300x200.png 300w, https:\/\/se7enbeatlab.com\/es\/wp-content\/uploads\/sites\/2\/2026\/03\/dalle-bc35732e-0eab-4ea1-bb67-cdb00d817fe9-1024x683.png 1024w, https:\/\/se7enbeatlab.com\/es\/wp-content\/uploads\/sites\/2\/2026\/03\/dalle-bc35732e-0eab-4ea1-bb67-cdb00d817fe9-768x512.png 768w, https:\/\/se7enbeatlab.com\/es\/wp-content\/uploads\/sites\/2\/2026\/03\/dalle-bc35732e-0eab-4ea1-bb67-cdb00d817fe9.png 1536w\" sizes=\"(max-width: 300px) 100vw, 300px\" \/>\n             <\/div>\n        <\/div><div class=\"eael-entry-wrapper\"><header class=\"eael-entry-header\"><h2 class=\"eael-entry-title\"><a class=\"eael-grid-post-link\" href=\"https:\/\/se7enbeatlab.com\/es\/blog\/2026\/03\/29\/por-que-tu-cancion-suena-mas-baja-en-streaming\/\" title=\"Por qu\u00e9 tu canci\u00f3n suena m\u00e1s baja en Spotify, YouTube, Apple Music, TIDAL o SoundCloud (y c\u00f3mo masterizarla bien para streaming)\">Por qu\u00e9 tu canci\u00f3n suena m\u00e1s baja en Spotify, YouTube, Apple Music, TIDAL o SoundCloud (y c\u00f3mo masterizarla bien para streaming)<\/a><\/h2><\/header><div class=\"eael-entry-meta\"><span class=\"eael-posted-by\"><a href=\"https:\/\/se7enbeatlab.com\/es\/blog\/author\/s7ops_admin_7a47f81a\/\" title=\"Entradas de se7en beatlab admin\" rel=\"author\">se7en beatlab admin<\/a><\/span><span class=\"eael-posted-on\"><time datetime=\"29 de marzo de 2026\">29 de marzo de 2026<\/time><\/span><\/div><div class=\"eael-entry-content\">\n                        <div class=\"eael-grid-post-excerpt\"><p>Descubre por qu\u00e9 tu canci\u00f3n puede sonar m\u00e1s baja en Spotify, YouTube,...<\/p><a href=\"https:\/\/se7enbeatlab.com\/es\/blog\/2026\/03\/29\/por-que-tu-cancion-suena-mas-baja-en-streaming\/\" class=\"eael-post-elements-readmore-btn\">Read more<\/a><\/div>\n                    <\/div><\/div><\/div>\n        <\/div>\n    <\/article><article class=\"eael-grid-post  eael-post-grid-column eael-pg-post-1181 category-acustica-home-studio tags-acustica-home-studio-bass-traps-espuma-acustica-first-reflection-points-grabar-voces-en-casa-paneles-acusticos-tratamiento-acustico\" data-id=\"1181\">\n        <div class=\"eael-grid-post-holder\">\n            <div class=\"eael-grid-post-holder-inner\"><div class=\"eael-entry-media\"><div class=\"eael-entry-overlay fade-in\"><i class=\"fas fa-long-arrow-alt-right\" aria-hidden=\"true\"><\/i><a href=\"https:\/\/se7enbeatlab.com\/es\/blog\/2026\/03\/19\/como-lograr-una-acustica-profesional-en-casa\/\"><\/a><\/div><div class=\"eael-entry-thumbnail \">\n                 <img loading=\"lazy\" decoding=\"async\" width=\"300\" height=\"222\" src=\"https:\/\/se7enbeatlab.com\/es\/wp-content\/uploads\/sites\/2\/2024\/06\/Como-Lograr-una-Acustica-Profesional-en-Casa.avif\" class=\"attachment-medium size-medium wp-image-1182\" alt=\"\" \/>\n             <\/div>\n        <\/div><div class=\"eael-entry-wrapper\"><header class=\"eael-entry-header\"><h2 class=\"eael-entry-title\"><a class=\"eael-grid-post-link\" href=\"https:\/\/se7enbeatlab.com\/es\/blog\/2026\/03\/19\/como-lograr-una-acustica-profesional-en-casa\/\" title=\"C\u00f3mo mejorar la ac\u00fastica de un home studio antes de comprar m\u00e1s equipo\">C\u00f3mo mejorar la ac\u00fastica de un home studio antes de comprar m\u00e1s equipo<\/a><\/h2><\/header><div class=\"eael-entry-meta\"><span class=\"eael-posted-by\"><a href=\"https:\/\/se7enbeatlab.com\/es\/blog\/author\/s7ops_admin_7a47f81a\/\" title=\"Entradas de se7en beatlab admin\" rel=\"author\">se7en beatlab admin<\/a><\/span><span class=\"eael-posted-on\"><time datetime=\"19 de marzo de 2026\">19 de marzo de 2026<\/time><\/span><\/div><div class=\"eael-entry-content\">\n                        <div class=\"eael-grid-post-excerpt\"><p>Gu\u00eda simple para mejorar la ac\u00fastica de una habitaci\u00f3n y grabar mejor...<\/p><a href=\"https:\/\/se7enbeatlab.com\/es\/blog\/2026\/03\/19\/como-lograr-una-acustica-profesional-en-casa\/\" class=\"eael-post-elements-readmore-btn\">Read more<\/a><\/div>\n                    <\/div><\/div><\/div>\n        <\/div>\n    <\/article><\/div>\n            <div class=\"clearfix\"><\/div>\n        <\/div>            <div class=\"eael-load-more-button-wrap eael-force-hide\">\n                <button class=\"eael-load-more-button\" id=\"eael-load-more-btn-660af22\" data-widget-id=\"660af22\" data-widget=\"660af22\" data-page-id=\"1129\" data-template=\"{&quot;dir&quot;:&quot;lite&quot;,&quot;file_name&quot;:&quot;three.php&quot;,&quot;name&quot;:&quot;Post-Grid&quot;}\" data-class=\"Essential_Addons_Elementor\\Elements\\Post_Grid\" data-layout=\"masonry\" data-page=\"1\" data-args=\"orderby=date&amp;order=desc&amp;ignore_sticky_posts=1&amp;post_status=publish&amp;posts_per_page=4&amp;offset=0&amp;post_type=post\" data-max-page=\"4\">\n                    <span class=\"eael-btn-loader button__loader\"><\/span>\n                    <span class=\"eael_load_more_text\">Load more<\/span>\n                <\/button>\n            <\/div>\n            \t\t\t\t<\/div>\n\t\t\t\t<div class=\"elementor-element elementor-element-4adb0f7 elementor-widget elementor-widget-button\" data-id=\"4adb0f7\" data-element_type=\"widget\" data-e-type=\"widget\" data-widget_type=\"button.default\">\n\t\t\t\t\t\t\t\t\t\t<a class=\"elementor-button elementor-button-link elementor-size-sm\" href=\"#\/blog\/\">\n\t\t\t\t\t\t<span class=\"elementor-button-content-wrapper\">\n\t\t\t\t\t\t\t\t\t<span class=\"elementor-button-text\">VER TODOS LOS ARTICULOS<\/span>\n\t\t\t\t\t<\/span>\n\t\t\t\t\t<\/a>\n\t\t\t\t\t\t\t\t<\/div>\n\t\t\t\t\t<\/div>\n\t\t\t\t<\/div>\n\t\t\t\t<\/div>\n\t\t","protected":false},"excerpt":{"rendered":"<p>Produccion musical, regalias, sistemas de lanzamiento, traduccion en streaming, VST, DSP y workflows de audio para artistas, creadores y productores con traccion.<\/p>\n","protected":false},"author":1,"featured_media":0,"parent":0,"menu_order":0,"comment_status":"closed","ping_status":"closed","template":"elementor_header_footer","meta":{"_acf_changed":false,"footnotes":""},"class_list":["post-1129","page","type-page","status-publish","hentry"],"acf":[],"_links":{"self":[{"href":"https:\/\/se7enbeatlab.com\/es\/wp-json\/wp\/v2\/pages\/1129","targetHints":{"allow":["GET"]}}],"collection":[{"href":"https:\/\/se7enbeatlab.com\/es\/wp-json\/wp\/v2\/pages"}],"about":[{"href":"https:\/\/se7enbeatlab.com\/es\/wp-json\/wp\/v2\/types\/page"}],"author":[{"embeddable":true,"href":"https:\/\/se7enbeatlab.com\/es\/wp-json\/wp\/v2\/users\/1"}],"replies":[{"embeddable":true,"href":"https:\/\/se7enbeatlab.com\/es\/wp-json\/wp\/v2\/comments?post=1129"}],"version-history":[{"count":97,"href":"https:\/\/se7enbeatlab.com\/es\/wp-json\/wp\/v2\/pages\/1129\/revisions"}],"predecessor-version":[{"id":1948,"href":"https:\/\/se7enbeatlab.com\/es\/wp-json\/wp\/v2\/pages\/1129\/revisions\/1948"}],"wp:attachment":[{"href":"https:\/\/se7enbeatlab.com\/es\/wp-json\/wp\/v2\/media?parent=1129"}],"curies":[{"name":"wp","href":"https:\/\/api.w.org\/{rel}","templated":true}]}}